{"id":1972,"date":"2019-12-05T08:34:53","date_gmt":"2019-12-05T08:34:53","guid":{"rendered":"https:\/\/demo.casethemes.net\/consultio-digital-marketing\/?page_id=1972"},"modified":"2025-01-28T14:52:53","modified_gmt":"2025-01-28T14:52:53","slug":"candidaturas","status":"publish","type":"page","link":"https:\/\/lurant.co.ao\/?page_id=1972","title":{"rendered":"Candidaturas"},"content":{"rendered":"\t\t<div data-elementor-type=\"wp-page\" data-elementor-id=\"1972\" class=\"elementor elementor-1972\">\n\t\t\t\t        <section class=\"elementor-section elementor-top-section elementor-element elementor-element-68c872 elementor-section-content-middle elementor-section-boxed elementor-section-height-default elementor-section-height-default ct-header-fixed-none ct-row-max-none\" data-id=\"68c872\" data-element_type=\"section\" data-e-type=\"section\">\n            \n                        <div class=\"elementor-container elementor-column-gap-extended \">\n                    <div class=\"elementor-column elementor-col-50 elementor-top-column elementor-element elementor-element-553856d0\" data-id=\"553856d0\" data-element_type=\"column\" data-e-type=\"column\">\n        <div class=\"elementor-widget-wrap elementor-element-populated\">\n                    \n        \t\t<div class=\"elementor-element elementor-element-4b6cccf6 elementor-widget elementor-widget-ct_heading\" data-id=\"4b6cccf6\" data-element_type=\"widget\" data-e-type=\"widget\" data-widget_type=\"ct_heading.default\">\n\t\t\t\t<div class=\"elementor-widget-container\">\n\t\t\t\t\t<div id=\"ct_heading-4b6cccf6\" class=\"ct-heading h-align- sub-style1 ct-heading-left item-st-default\">\r\n\t<div class=\"ct-item--inner\">\r\n        <div class=\"ct-inline-css\"  data-css=\"\r\n            \">\r\n        <\/div>\r\n            \t\t<div class=\"item--sub-title style1 show-line\">\r\n                                                Candidaturas                                                             <\/div>\r\n    \t        <h3 class=\"item--title st-default case-animate-time\" data-wow-delay=\"ms\">\r\n                        <span class=\"sp-main\">\r\n                \r\n                Juntos podemos construir um futuro mais forte e representativo. Sua candidatura \u00e9 o primeiro passo para transformar ideias em a\u00e7\u00f5es.\r\n                \r\n                            <\/span>\r\n                    <\/h3>\r\n    <\/div>\r\n<\/div>\t\t\t\t<\/div>\n\t\t\t\t<\/div>\n\t\t            <\/div>\n        <\/div>\n                <div class=\"elementor-column elementor-col-50 elementor-top-column elementor-element elementor-element-7bfd02a3\" data-id=\"7bfd02a3\" data-element_type=\"column\" data-e-type=\"column\">\n        <div class=\"elementor-widget-wrap\">\n                    \n                    <\/div>\n        <\/div>\n                    <\/div>\n        <\/section>\n                <section class=\"elementor-section elementor-top-section elementor-element elementor-element-5f8a622 elementor-section-boxed elementor-section-height-default elementor-section-height-default ct-header-fixed-none ct-row-max-none\" data-id=\"5f8a622\" data-element_type=\"section\" data-e-type=\"section\">\n            \n                        <div class=\"elementor-container elementor-column-gap-extended \">\n                    <div class=\"elementor-column elementor-col-100 elementor-top-column elementor-element elementor-element-ea0c095\" data-id=\"ea0c095\" data-element_type=\"column\" data-e-type=\"column\">\n        <div class=\"elementor-widget-wrap elementor-element-populated\">\n                    \n        \t\t<div class=\"elementor-element elementor-element-7bf4992 elementor-widget elementor-widget-ct_career_grid\" data-id=\"7bf4992\" data-element_type=\"widget\" data-e-type=\"widget\" data-widget_type=\"ct_career_grid.default\">\n\t\t\t\t<div class=\"elementor-widget-container\">\n\t\t\t\t\t    <div class=\"ct-grid ct-career-grid1\">\r\n        <div class=\"ct-grid-inner ct-grid-masonry row animate-time\" data-gutter=\"7\">\r\n                            <div class=\"grid-item col-xl-4 col-lg-4 col-md-6 col-sm-6 col-12\">\r\n                    <div class=\"item--inner wow fadeInUp\">\r\n                        <div class=\"item--holder\">\r\n                        \t                                <div class=\"item--image\">\r\n                                    <a href=\"https:\/\/lurant.co.ao\/?page_id=32\"><img decoding=\"async\" width=\"150\" height=\"150\" src=\"https:\/\/lurant.co.ao\/wp-content\/uploads\/2025\/01\/auditoria-150x150.jpg\" class=\"disable-lazy attachment-thumbnail\" alt=\"\" \/><\/a>\r\n                                <\/div>\r\n                                                        <div class=\"item--meta\">\r\n                                <h3 class=\"item--title\">    \r\n                                    Auditoria                                <\/h3>\r\n                                <ul class=\"item--feature\">\r\n                                                                                <li><i class=\"fa fa-paperclip\"><\/i>Lurant<\/li>\r\n                                                                                    <li><i class=\"fa fa-user\"><\/i>Arieth Sango<\/li>\r\n                                                                                    <li><i class=\"fa fa-map-marker\"><\/i>Rua Ramalho de Ortig\u00e3o, Luanda, Angola<\/li>\r\n                                                                        <\/ul>\r\n                            <\/div>\r\n                        <\/div>\r\n                        <div class=\"item-desc\">Venha fazer parte dessa mudan\u00e7a e ser a voz que o nosso futuro precisa!<\/div>\r\n                                                    <div class=\"item--button\">\r\n                                <a class=\"btn btn-secondary\" href=\"https:\/\/lurant.co.ao\/?page_id=32\"><i class=\"fac fac-arrow-circle-right space-right\"><\/i>Candidate-se<\/a>\r\n                            <\/div>\r\n                                           <\/div>\r\n                <\/div>\r\n                            <div class=\"grid-item col-xl-4 col-lg-4 col-md-6 col-sm-6 col-12\">\r\n                    <div class=\"item--inner wow fadeInUp\">\r\n                        <div class=\"item--holder\">\r\n                        \t                                <div class=\"item--image\">\r\n                                    <a href=\"https:\/\/lurant.co.ao\/?page_id=32\"><img decoding=\"async\" width=\"150\" height=\"150\" src=\"https:\/\/lurant.co.ao\/wp-content\/uploads\/2025\/01\/consultoria-150x150.jpg\" class=\"disable-lazy attachment-thumbnail\" alt=\"\" \/><\/a>\r\n                                <\/div>\r\n                                                        <div class=\"item--meta\">\r\n                                <h3 class=\"item--title\">    \r\n                                    Consultoria                                 <\/h3>\r\n                                <ul class=\"item--feature\">\r\n                                                                                <li><i class=\"fa fa-paperclip\"><\/i>Lurant<\/li>\r\n                                                                                    <li><i class=\"fa fa-user\"><\/i>Arieth Sango<\/li>\r\n                                                                                    <li><i class=\"fa fa-map-marker\"><\/i>Rua Ramalho de Ortig\u00e3o, Luanda, Angola<\/li>\r\n                                                                        <\/ul>\r\n                            <\/div>\r\n                        <\/div>\r\n                        <div class=\"item-desc\">Venha fazer parte dessa mudan\u00e7a e ser a voz que o nosso futuro precisa!<\/div>\r\n                                                    <div class=\"item--button\">\r\n                                <a class=\"btn btn-secondary\" href=\"https:\/\/lurant.co.ao\/?page_id=32\"><i class=\"fac fac-arrow-circle-right space-right\"><\/i>Candidate-se<\/a>\r\n                            <\/div>\r\n                                           <\/div>\r\n                <\/div>\r\n                            <div class=\"grid-item col-xl-4 col-lg-4 col-md-6 col-sm-6 col-12\">\r\n                    <div class=\"item--inner wow fadeInUp\">\r\n                        <div class=\"item--holder\">\r\n                        \t                                <div class=\"item--image\">\r\n                                    <a href=\"https:\/\/lurant.co.ao\/?page_id=32\"><img decoding=\"async\" width=\"150\" height=\"150\" src=\"https:\/\/lurant.co.ao\/wp-content\/uploads\/2025\/01\/objetivo-da-contabilidade-150x150.jpg\" class=\"disable-lazy attachment-thumbnail\" alt=\"\" \/><\/a>\r\n                                <\/div>\r\n                                                        <div class=\"item--meta\">\r\n                                <h3 class=\"item--title\">    \r\n                                    Contabilidade                                 <\/h3>\r\n                                <ul class=\"item--feature\">\r\n                                                                                <li><i class=\"fa fa-paperclip\"><\/i>Lurant<\/li>\r\n                                                                                    <li><i class=\"fa fa-user\"><\/i>Arieth Sango<\/li>\r\n                                                                                    <li><i class=\"fa fa-map-marker\"><\/i>Rua Ramalho de Ortig\u00e3o, Luanda, Angola<\/li>\r\n                                                                        <\/ul>\r\n                            <\/div>\r\n                        <\/div>\r\n                        <div class=\"item-desc\">Venha fazer parte dessa mudan\u00e7a e ser a voz que o nosso futuro precisa!<\/div>\r\n                                                    <div class=\"item--button\">\r\n                                <a class=\"btn btn-secondary\" href=\"https:\/\/lurant.co.ao\/?page_id=32\"><i class=\"fac fac-arrow-circle-right space-right\"><\/i>Candidate-se <\/a>\r\n                            <\/div>\r\n                                           <\/div>\r\n                <\/div>\r\n                            <div class=\"grid-item col-xl-4 col-lg-4 col-md-6 col-sm-6 col-12\">\r\n                    <div class=\"item--inner wow fadeInUp\">\r\n                        <div class=\"item--holder\">\r\n                        \t                                <div class=\"item--image\">\r\n                                    <a href=\"https:\/\/lurant.co.ao\/?page_id=32\"><img loading=\"lazy\" decoding=\"async\" width=\"150\" height=\"150\" src=\"https:\/\/lurant.co.ao\/wp-content\/uploads\/2025\/01\/fiscalidade-150x150.jpg\" class=\"disable-lazy attachment-thumbnail\" alt=\"\" \/><\/a>\r\n                                <\/div>\r\n                                                        <div class=\"item--meta\">\r\n                                <h3 class=\"item--title\">    \r\n                                    Fiscalidade                                <\/h3>\r\n                                <ul class=\"item--feature\">\r\n                                                                                <li><i class=\"fa fa-paperclip\"><\/i> Lurant<\/li>\r\n                                                                                    <li><i class=\"fa fa-user\"><\/i>Janu\u00e1rio Cabanga<\/li>\r\n                                                                                    <li><i class=\"fa fa-map-marker\"><\/i>Rua Ramalho de Ortig\u00e3o, Luanda, Angola<\/li>\r\n                                                                        <\/ul>\r\n                            <\/div>\r\n                        <\/div>\r\n                        <div class=\"item-desc\">Venha fazer parte dessa mudan\u00e7a e ser a voz que o nosso futuro precisa!<\/div>\r\n                                                    <div class=\"item--button\">\r\n                                <a class=\"btn btn-secondary\" href=\"https:\/\/lurant.co.ao\/?page_id=32\"><i class=\"fac fac-arrow-circle-right space-right\"><\/i>Candidate-se <\/a>\r\n                            <\/div>\r\n                                           <\/div>\r\n                <\/div>\r\n                            <div class=\"grid-item col-xl-4 col-lg-4 col-md-6 col-sm-6 col-12\">\r\n                    <div class=\"item--inner wow fadeInUp\">\r\n                        <div class=\"item--holder\">\r\n                        \t                                <div class=\"item--image\">\r\n                                    <a href=\"https:\/\/lurant.co.ao\/?page_id=32\"><img loading=\"lazy\" decoding=\"async\" width=\"150\" height=\"150\" src=\"https:\/\/lurant.co.ao\/wp-content\/uploads\/2025\/01\/human-resources-concept-150x150.jpg\" class=\"disable-lazy attachment-thumbnail\" alt=\"\" \/><\/a>\r\n                                <\/div>\r\n                                                        <div class=\"item--meta\">\r\n                                <h3 class=\"item--title\">    \r\n                                    Recursos Humanos                                 <\/h3>\r\n                                <ul class=\"item--feature\">\r\n                                                                                <li><i class=\"fa fa-paperclip\"><\/i>Lurant<\/li>\r\n                                                                                    <li><i class=\"fa fa-user\"><\/i>Iko Garc\u00eda<\/li>\r\n                                                                                    <li><i class=\"fa fa-map-marker\"><\/i>Rua Ramalho de Ortig\u00e3o, Luanda, Angola<\/li>\r\n                                                                        <\/ul>\r\n                            <\/div>\r\n                        <\/div>\r\n                        <div class=\"item-desc\">Venha fazer parte dessa mudan\u00e7a e ser a voz que o nosso futuro precisa!<\/div>\r\n                                                    <div class=\"item--button\">\r\n                                <a class=\"btn btn-secondary\" href=\"https:\/\/lurant.co.ao\/?page_id=32\"><i class=\"fac fac-arrow-circle-right space-right\"><\/i>Candidate-nos <\/a>\r\n                            <\/div>\r\n                                           <\/div>\r\n                <\/div>\r\n                        <div class=\"grid-sizer col-xl-4 col-lg-4 col-md-6 col-sm-6 col-12\"><\/div>\r\n        <\/div>\r\n    <\/div>\r\n\t\t\t\t<\/div>\n\t\t\t\t<\/div>\n\t\t            <\/div>\n        <\/div>\n                    <\/div>\n        <\/section>\n        \t\t<\/div>\n\t\t","protected":false},"excerpt":{"rendered":"<p>Candidaturas Juntos podemos construir um futuro mais forte e representativo. Sua candidatura \u00e9 o primeiro passo para transformar ideias em a\u00e7\u00f5es. Auditoria Lurant Arieth Sango Rua Ramalho de Ortig\u00e3o, Luanda, Angola Venha fazer parte dessa mudan\u00e7a e ser a voz que o nosso futuro precisa! Candidate-se Consultoria Lurant Arieth Sango Rua Ramalho de Ortig\u00e3o, Luanda, [&hellip;]<\/p>\n","protected":false},"author":1,"featured_media":0,"parent":0,"menu_order":0,"comment_status":"closed","ping_status":"closed","template":"","meta":{"footnotes":""},"class_list":["post-1972","page","type-page","status-publish","hentry"],"_links":{"self":[{"href":"https:\/\/lurant.co.ao\/index.php?rest_route=\/wp\/v2\/pages\/1972","targetHints":{"allow":["GET"]}}],"collection":[{"href":"https:\/\/lurant.co.ao\/index.php?rest_route=\/wp\/v2\/pages"}],"about":[{"href":"https:\/\/lurant.co.ao\/index.php?rest_route=\/wp\/v2\/types\/page"}],"author":[{"embeddable":true,"href":"https:\/\/lurant.co.ao\/index.php?rest_route=\/wp\/v2\/users\/1"}],"replies":[{"embeddable":true,"href":"https:\/\/lurant.co.ao\/index.php?rest_route=%2Fwp%2Fv2%2Fcomments&post=1972"}],"version-history":[{"count":11,"href":"https:\/\/lurant.co.ao\/index.php?rest_route=\/wp\/v2\/pages\/1972\/revisions"}],"predecessor-version":[{"id":7679,"href":"https:\/\/lurant.co.ao\/index.php?rest_route=\/wp\/v2\/pages\/1972\/revisions\/7679"}],"wp:attachment":[{"href":"https:\/\/lurant.co.ao\/index.php?rest_route=%2Fwp%2Fv2%2Fmedia&parent=1972"}],"curies":[{"name":"wp","href":"https:\/\/api.w.org\/{rel}","templated":true}]}}