{"id":407,"date":"2019-11-11T08:33:51","date_gmt":"2019-11-11T08:33:51","guid":{"rendered":"https:\/\/demo.casethemes.net\/consultio-digital-marketing\/?page_id=407"},"modified":"2025-01-27T11:24:20","modified_gmt":"2025-01-27T11:24:20","slug":"servicos","status":"publish","type":"page","link":"https:\/\/lurant.co.ao\/?page_id=407","title":{"rendered":"Servi\u00e7os"},"content":{"rendered":"\t\t<div data-elementor-type=\"wp-page\" data-elementor-id=\"407\" class=\"elementor elementor-407\">\n\t\t\t\t        <section class=\"elementor-section elementor-top-section elementor-element elementor-element-f019bad elementor-section-content-middle elementor-section-boxed elementor-section-height-default elementor-section-height-default ct-header-fixed-none ct-row-max-none\" data-id=\"f019bad\" data-element_type=\"section\" data-e-type=\"section\">\n            \n                        <div class=\"elementor-container elementor-column-gap-extended \">\n                    <div class=\"elementor-column elementor-col-50 elementor-top-column elementor-element elementor-element-5ce29c2\" data-id=\"5ce29c2\" data-element_type=\"column\" data-e-type=\"column\">\n        <div class=\"elementor-widget-wrap elementor-element-populated\">\n                    \n        \t\t<div class=\"elementor-element elementor-element-d3b6aca elementor-widget elementor-widget-ct_heading\" data-id=\"d3b6aca\" data-element_type=\"widget\" data-e-type=\"widget\" data-widget_type=\"ct_heading.default\">\n\t\t\t\t<div class=\"elementor-widget-container\">\n\t\t\t\t\t<div id=\"ct_heading-d3b6aca\" class=\"ct-heading h-align-center sub-style9 ct-heading-left item-st-default\">\r\n\t<div class=\"ct-item--inner\">\r\n        <div class=\"ct-inline-css\"  data-css=\"\r\n            \">\r\n        <\/div>\r\n            \t\t<div class=\"item--sub-title style9 show-line\">\r\n                                                Servi\u00e7os                                                    <span class=\"line-left\"><\/span>\r\n                    <span class=\"line-right\"><\/span>\r\n                                            <\/div>\r\n    \t        <h3 class=\"item--title st-default case-animate-time\" data-wow-delay=\"ms\">\r\n                        <span class=\"sp-main\">\r\n                \r\n                Servi\u00e7os que encontra na Lurant:\r\n                                    <span class=\"ct-typingout-typed\" data-period=\"600\" data-type='[ Servi\u00e7os que encontra na Lurant ]'>\r\n                        <span class=\"ct-typingout-animation\"><\/span>\r\n                    <\/span>\r\n                \r\n                            <\/span>\r\n                    <\/h3>\r\n    <\/div>\r\n<\/div>\t\t\t\t<\/div>\n\t\t\t\t<\/div>\n\t\t            <\/div>\n        <\/div>\n                <div class=\"elementor-column elementor-col-50 elementor-top-column elementor-element elementor-element-877c444\" data-id=\"877c444\" data-element_type=\"column\" data-e-type=\"column\">\n        <div class=\"elementor-widget-wrap elementor-element-populated\">\n                    \n        \t\t<div class=\"elementor-element elementor-element-b33b91d elementor-widget elementor-widget-ct_image\" data-id=\"b33b91d\" data-element_type=\"widget\" data-e-type=\"widget\" data-widget_type=\"ct_image.default\">\n\t\t\t\t<div class=\"elementor-widget-container\">\n\t\t\t\t\t<div class=\"ct-image-single img-type-img ct-no-effect  \" data-wow-delay=\"ms\">\r\n                        <img fetchpriority=\"high\" decoding=\"async\" width=\"770\" height=\"385\" src=\"https:\/\/lurant.co.ao\/wp-content\/uploads\/2025\/01\/servicos.jpg\" class=\"attachment-full\" alt=\"\" \/>            <\/div>\t\t\t\t<\/div>\n\t\t\t\t<\/div>\n\t\t            <\/div>\n        <\/div>\n                    <\/div>\n        <\/section>\n                <section class=\"elementor-section elementor-top-section elementor-element elementor-element-7d640f1 elementor-section-boxed elementor-section-height-default elementor-section-height-default ct-header-fixed-none ct-row-max-none\" data-id=\"7d640f1\" data-element_type=\"section\" data-e-type=\"section\">\n            \n                        <div class=\"elementor-container elementor-column-gap-extended \">\n                    <div class=\"elementor-column elementor-col-100 elementor-top-column elementor-element elementor-element-1e2ce89\" data-id=\"1e2ce89\" data-element_type=\"column\" data-e-type=\"column\">\n        <div class=\"elementor-widget-wrap elementor-element-populated\">\n                    \n        \t\t<div class=\"elementor-element elementor-element-16d5b63 elementor-widget elementor-widget-ct_service_grid\" data-id=\"16d5b63\" data-element_type=\"widget\" data-e-type=\"widget\" data-widget_type=\"ct_service_grid.default\">\n\t\t\t\t<div class=\"elementor-widget-container\">\n\t\t\t\t\t\r\n<div id=\"ct_service_grid-16d5b63\" class=\"ct-grid ct-service-grid14 style1\" data-layout=\"masonry\" data-start-page=\"1\" data-max-pages=\"1\" data-total=\"5\" data-perpage=\"5\" data-next-link=\"\">\r\n    <div class=\"ct-grid-overlay\"><\/div>\r\n    \r\n    <div class=\"ct-grid-inner ct-grid-masonry row animate-time\" data-gutter=\"15\">\r\n                        <div class=\"grid-item col-xl-4 col-lg-4 col-md-6 col-sm-6 col-12 digital\">\r\n                    <div class=\"grid-item-inner wow fadeIn\" data-wow-duration=\"1.2s\">\r\n                                                <h3 class=\"item--title\">Auditoria<\/h3>\r\n                    \r\n                                            <div class=\"item--icon\">\r\n                            <i class=\"text-gradient flaticonv5-online-marketing\"><\/i>\r\n                            <i class=\"icon-hover flaticonv5-online-marketing\"><\/i>\r\n                        <\/div>\r\n                    \r\n                    \r\n                                            <div class=\"item--content\">\r\n                            Transpar\u00eancia e Conformidade Identifica\u00e7\u00e3o de Riscos e Fraudes Apoio \u00e0 Melhoria Cont\u00ednua                        <\/div>\r\n                                        <svg class=\"service-shape\" xmlns=\"http:\/\/www.w3.org\/2000\/svg\" xmlns:xlink=\"http:\/\/www.w3.org\/1999\/xlink\" width=\"137\" height=\"107\" viewBox=\"0 0 137 107\">\r\n                        <defs>\r\n                            <linearGradient id=\"service-gradient1\" x1=\"0%\" y1=\"0%\" x2=\"100%\" y2=\"0%\">\r\n                                <stop offset=\"0%\" style=\"stop-color:#ffc000;stop-opacity:1\" \/>\r\n                                <stop offset=\"100%\" style=\"stop-color:#ffc000;stop-opacity:1\" \/>\r\n                            <\/linearGradient>\r\n                        <\/defs>\r\n                        <g fill=\"url(#service-gradient1)\">\r\n                            <path d=\"M1,80.938C-1.875,70.8,8.625,56.713,20,50c14.215-8.389,25.449-1.213,38-10,12.582-8.809,9.466-21.678,23-32C86.745,3.619,97.824-2.056,108.783.913c24.1,6.53,36.756,54.393,21.217,80.025C105.2,121.843,8.271,106.591,1,80.938Z\"\/>\r\n                        <\/g>\r\n                    <\/svg>\r\n                    <a class=\"item--link\" href=\"https:\/\/lurant.co.ao\/?page_id=407\"><\/a>\r\n                    <\/div>\r\n                <\/div>\r\n                            <div class=\"grid-item col-xl-4 col-lg-4 col-md-6 col-sm-6 col-12 digital\">\r\n                    <div class=\"grid-item-inner wow fadeIn\" data-wow-duration=\"1.2s\">\r\n                                                <h3 class=\"item--title\">Consultoria<\/h3>\r\n                    \r\n                                            <div class=\"item--icon\">\r\n                            <i class=\"text-gradient flaticonv5-networking-1\"><\/i>\r\n                            <i class=\"icon-hover flaticonv5-networking-1\"><\/i>\r\n                        <\/div>\r\n                    \r\n                    \r\n                                            <div class=\"item--content\">\r\n                            Oferecemos solu\u00e7\u00f5es especializadas para resolver problemas, otimizar processos e impulsionar resultados, com foco em gest\u00e3o, finan\u00e7as, recursos humanos, tecnologia e inova\u00e7\u00e3o.                        <\/div>\r\n                                        <svg class=\"service-shape\" xmlns=\"http:\/\/www.w3.org\/2000\/svg\" xmlns:xlink=\"http:\/\/www.w3.org\/1999\/xlink\" width=\"137\" height=\"107\" viewBox=\"0 0 137 107\">\r\n                        <defs>\r\n                            <linearGradient id=\"service-gradient1\" x1=\"0%\" y1=\"0%\" x2=\"100%\" y2=\"0%\">\r\n                                <stop offset=\"0%\" style=\"stop-color:#ffc000;stop-opacity:1\" \/>\r\n                                <stop offset=\"100%\" style=\"stop-color:#ffc000;stop-opacity:1\" \/>\r\n                            <\/linearGradient>\r\n                        <\/defs>\r\n                        <g fill=\"url(#service-gradient1)\">\r\n                            <path d=\"M1,80.938C-1.875,70.8,8.625,56.713,20,50c14.215-8.389,25.449-1.213,38-10,12.582-8.809,9.466-21.678,23-32C86.745,3.619,97.824-2.056,108.783.913c24.1,6.53,36.756,54.393,21.217,80.025C105.2,121.843,8.271,106.591,1,80.938Z\"\/>\r\n                        <\/g>\r\n                    <\/svg>\r\n                    <a class=\"item--link\" href=\"https:\/\/lurant.co.ao\/?page_id=407\"><\/a>\r\n                    <\/div>\r\n                <\/div>\r\n                            <div class=\"grid-item col-xl-4 col-lg-4 col-md-6 col-sm-6 col-12 digital\">\r\n                    <div class=\"grid-item-inner wow fadeIn\" data-wow-duration=\"1.2s\">\r\n                                                <h3 class=\"item--title\">Contabilidade<\/h3>\r\n                    \r\n                                            <div class=\"item--icon\">\r\n                            <i class=\"text-gradient flaticonv5-network\"><\/i>\r\n                            <i class=\"icon-hover flaticonv5-network\"><\/i>\r\n                        <\/div>\r\n                    \r\n                    \r\n                                            <div class=\"item--content\">\r\n                            Gerenci\u00e1mos suas opera\u00e7\u00f5es cont\u00e1beis di\u00e1rias em Angola, assegurando precis\u00e3o e conformidade, com suporte completo em apura\u00e7\u00f5es, fluxos de caixa, relat\u00f3rios financeiros e fechamento de contas.                        <\/div>\r\n                                        <svg class=\"service-shape\" xmlns=\"http:\/\/www.w3.org\/2000\/svg\" xmlns:xlink=\"http:\/\/www.w3.org\/1999\/xlink\" width=\"137\" height=\"107\" viewBox=\"0 0 137 107\">\r\n                        <defs>\r\n                            <linearGradient id=\"service-gradient1\" x1=\"0%\" y1=\"0%\" x2=\"100%\" y2=\"0%\">\r\n                                <stop offset=\"0%\" style=\"stop-color:#ffc000;stop-opacity:1\" \/>\r\n                                <stop offset=\"100%\" style=\"stop-color:#ffc000;stop-opacity:1\" \/>\r\n                            <\/linearGradient>\r\n                        <\/defs>\r\n                        <g fill=\"url(#service-gradient1)\">\r\n                            <path d=\"M1,80.938C-1.875,70.8,8.625,56.713,20,50c14.215-8.389,25.449-1.213,38-10,12.582-8.809,9.466-21.678,23-32C86.745,3.619,97.824-2.056,108.783.913c24.1,6.53,36.756,54.393,21.217,80.025C105.2,121.843,8.271,106.591,1,80.938Z\"\/>\r\n                        <\/g>\r\n                    <\/svg>\r\n                    <a class=\"item--link\" href=\"https:\/\/lurant.co.ao\/?page_id=407\"><\/a>\r\n                    <\/div>\r\n                <\/div>\r\n                            <div class=\"grid-item col-xl-4 col-lg-4 col-md-6 col-sm-6 col-12 digital\">\r\n                    <div class=\"grid-item-inner wow fadeIn\" data-wow-duration=\"1.2s\">\r\n                                                <h3 class=\"item--title\">Fiscalidade<\/h3>\r\n                    \r\n                                            <div class=\"item--icon\">\r\n                            <i class=\"text-gradient flaticon-internet\"><\/i>\r\n                            <i class=\"icon-hover flaticon-internet\"><\/i>\r\n                        <\/div>\r\n                    \r\n                    \r\n                                            <div class=\"item--content\">\r\n                            Orientamos sua empresa no complexo sistema fiscal angolano, garantindo conformidade legal, otimiza\u00e7\u00e3o tribut\u00e1ria e suporte na resolu\u00e7\u00e3o de notifica\u00e7\u00f5es fiscais.                        <\/div>\r\n                                        <svg class=\"service-shape\" xmlns=\"http:\/\/www.w3.org\/2000\/svg\" xmlns:xlink=\"http:\/\/www.w3.org\/1999\/xlink\" width=\"137\" height=\"107\" viewBox=\"0 0 137 107\">\r\n                        <defs>\r\n                            <linearGradient id=\"service-gradient1\" x1=\"0%\" y1=\"0%\" x2=\"100%\" y2=\"0%\">\r\n                                <stop offset=\"0%\" style=\"stop-color:#ffc000;stop-opacity:1\" \/>\r\n                                <stop offset=\"100%\" style=\"stop-color:#ffc000;stop-opacity:1\" \/>\r\n                            <\/linearGradient>\r\n                        <\/defs>\r\n                        <g fill=\"url(#service-gradient1)\">\r\n                            <path d=\"M1,80.938C-1.875,70.8,8.625,56.713,20,50c14.215-8.389,25.449-1.213,38-10,12.582-8.809,9.466-21.678,23-32C86.745,3.619,97.824-2.056,108.783.913c24.1,6.53,36.756,54.393,21.217,80.025C105.2,121.843,8.271,106.591,1,80.938Z\"\/>\r\n                        <\/g>\r\n                    <\/svg>\r\n                    <a class=\"item--link\" href=\"https:\/\/lurant.co.ao\/?page_id=407\"><\/a>\r\n                    <\/div>\r\n                <\/div>\r\n                            <div class=\"grid-item col-xl-4 col-lg-4 col-md-6 col-sm-6 col-12 digital\">\r\n                    <div class=\"grid-item-inner wow fadeIn\" data-wow-duration=\"1.2s\">\r\n                                                <h3 class=\"item--title\">Recursos Humanos<\/h3>\r\n                    \r\n                                            <div class=\"item--icon\">\r\n                            <i class=\"text-gradient flaticonv5-idea\"><\/i>\r\n                            <i class=\"icon-hover flaticonv5-idea\"><\/i>\r\n                        <\/div>\r\n                    \r\n                    \r\n                                            <div class=\"item--content\">\r\n                            atrair, recrutar, treinar, desenvolver, reter talentos e gerir desempenho; conformidade trabalhista, promo\u00e7\u00e3o de um ambiente de trabalho produtivo e alinhado aos objetivos empresariais.                        <\/div>\r\n                                        <svg class=\"service-shape\" xmlns=\"http:\/\/www.w3.org\/2000\/svg\" xmlns:xlink=\"http:\/\/www.w3.org\/1999\/xlink\" width=\"137\" height=\"107\" viewBox=\"0 0 137 107\">\r\n                        <defs>\r\n                            <linearGradient id=\"service-gradient1\" x1=\"0%\" y1=\"0%\" x2=\"100%\" y2=\"0%\">\r\n                                <stop offset=\"0%\" style=\"stop-color:#ffc000;stop-opacity:1\" \/>\r\n                                <stop offset=\"100%\" style=\"stop-color:#ffc000;stop-opacity:1\" \/>\r\n                            <\/linearGradient>\r\n                        <\/defs>\r\n                        <g fill=\"url(#service-gradient1)\">\r\n                            <path d=\"M1,80.938C-1.875,70.8,8.625,56.713,20,50c14.215-8.389,25.449-1.213,38-10,12.582-8.809,9.466-21.678,23-32C86.745,3.619,97.824-2.056,108.783.913c24.1,6.53,36.756,54.393,21.217,80.025C105.2,121.843,8.271,106.591,1,80.938Z\"\/>\r\n                        <\/g>\r\n                    <\/svg>\r\n                    <a class=\"item--link\" href=\"https:\/\/lurant.co.ao\/?page_id=407\"><\/a>\r\n                    <\/div>\r\n                <\/div>\r\n                                <div class=\"grid-sizer col-xl-4 col-lg-4 col-md-6 col-sm-6 col-12\"><\/div>\r\n            <\/div>\r\n        <\/div>\t\t\t\t<\/div>\n\t\t\t\t<\/div>\n\t\t            <\/div>\n        <\/div>\n                    <\/div>\n        <\/section>\n        \t\t<\/div>\n\t\t","protected":false},"excerpt":{"rendered":"<p>Servi\u00e7os Servi\u00e7os que encontra na Lurant: Auditoria Transpar\u00eancia e Conformidade Identifica\u00e7\u00e3o de Riscos e Fraudes Apoio \u00e0 Melhoria Cont\u00ednua Consultoria Oferecemos solu\u00e7\u00f5es especializadas para resolver problemas, otimizar processos e impulsionar resultados, com foco em gest\u00e3o, finan\u00e7as, recursos humanos, tecnologia e inova\u00e7\u00e3o. Contabilidade Gerenci\u00e1mos suas opera\u00e7\u00f5es cont\u00e1beis di\u00e1rias em Angola, assegurando precis\u00e3o e conformidade, com suporte [&hellip;]<\/p>\n","protected":false},"author":1,"featured_media":0,"parent":0,"menu_order":0,"comment_status":"closed","ping_status":"closed","template":"","meta":{"footnotes":""},"class_list":["post-407","page","type-page","status-publish","hentry"],"_links":{"self":[{"href":"https:\/\/lurant.co.ao\/index.php?rest_route=\/wp\/v2\/pages\/407","targetHints":{"allow":["GET"]}}],"collection":[{"href":"https:\/\/lurant.co.ao\/index.php?rest_route=\/wp\/v2\/pages"}],"about":[{"href":"https:\/\/lurant.co.ao\/index.php?rest_route=\/wp\/v2\/types\/page"}],"author":[{"embeddable":true,"href":"https:\/\/lurant.co.ao\/index.php?rest_route=\/wp\/v2\/users\/1"}],"replies":[{"embeddable":true,"href":"https:\/\/lurant.co.ao\/index.php?rest_route=%2Fwp%2Fv2%2Fcomments&post=407"}],"version-history":[{"count":18,"href":"https:\/\/lurant.co.ao\/index.php?rest_route=\/wp\/v2\/pages\/407\/revisions"}],"predecessor-version":[{"id":7626,"href":"https:\/\/lurant.co.ao\/index.php?rest_route=\/wp\/v2\/pages\/407\/revisions\/7626"}],"wp:attachment":[{"href":"https:\/\/lurant.co.ao\/index.php?rest_route=%2Fwp%2Fv2%2Fmedia&parent=407"}],"curies":[{"name":"wp","href":"https:\/\/api.w.org\/{rel}","templated":true}]}}